


{"id":6399,"date":"2022-02-09T16:00:37","date_gmt":"2022-02-09T14:00:37","guid":{"rendered":"https:\/\/nomads.insure\/blog\/"},"modified":"2024-01-08T19:29:54","modified_gmt":"2024-01-08T17:29:54","slug":"blog","status":"publish","type":"page","link":"https:\/\/nomads.insure\/de\/blog\/","title":{"rendered":"Blog"},"content":{"rendered":"\n<style type=\"text\/css\" data-created_by=\"avia_inline_auto\" id=\"style-css-av-ksn9lrrv-03982b9f98e085f092ac2c158d3faf77\">\n#top .av-special-heading.av-ksn9lrrv-03982b9f98e085f092ac2c158d3faf77{\npadding-bottom:10px;\n}\nbody .av-special-heading.av-ksn9lrrv-03982b9f98e085f092ac2c158d3faf77 .av-special-heading-tag .heading-char{\nfont-size:25px;\n}\n.av-special-heading.av-ksn9lrrv-03982b9f98e085f092ac2c158d3faf77 .av-subheading{\nfont-size:15px;\n}\n\n@media only screen and (min-width: 990px){ \n#top #wrap_all .av-special-heading.av-ksn9lrrv-03982b9f98e085f092ac2c158d3faf77 .av-special-heading-tag{\nfont-size:80px;\n}\n}\n\n@media only screen and (min-width: 768px) and (max-width: 989px){ \n#top #wrap_all .av-special-heading.av-ksn9lrrv-03982b9f98e085f092ac2c158d3faf77 .av-special-heading-tag{\nfont-size:80px;\n}\n}\n\n@media only screen and (min-width: 480px) and (max-width: 767px){ \n#top #wrap_all .av-special-heading.av-ksn9lrrv-03982b9f98e085f092ac2c158d3faf77 .av-special-heading-tag{\nfont-size:80px;\n}\n}\n\n@media only screen and (max-width: 479px){ \n#top #wrap_all .av-special-heading.av-ksn9lrrv-03982b9f98e085f092ac2c158d3faf77 .av-special-heading-tag{\nfont-size:38px;\n}\n}\n<\/style>\n<div  class='av-special-heading av-ksn9lrrv-03982b9f98e085f092ac2c158d3faf77 av-special-heading-h1 blockquote modern-quote  avia-builder-el-0  el_before_av_hr  avia-builder-el-first '><h1 class='av-special-heading-tag '  itemprop=\"headline\"  >Versicherungs-News f\u00fcr <span class=blue>Digitale Nomaden<\/span><\/h1><div class=\"special-heading-border\"><div class=\"special-heading-inner-border\"><\/div><\/div><\/div>\n\n<style type=\"text\/css\" data-created_by=\"avia_inline_auto\" id=\"style-css-av-loyh1til-e099c8423b203bb29a16f8cdb0461f21\">\n#top .hr.hr-invisible.av-loyh1til-e099c8423b203bb29a16f8cdb0461f21{\nheight:50px;\n}\n<\/style>\n<div  class='hr av-loyh1til-e099c8423b203bb29a16f8cdb0461f21 hr-invisible  avia-builder-el-1  el_after_av_heading  el_before_av_blog '><span class='hr-inner '><span class=\"hr-inner-style\"><\/span><\/span><\/div>\n<div  class='av-alb-blogposts template-blog  av-blog-meta-comments-disabled av-blog-meta-category-disabled '  itemscope=\"itemscope\" itemtype=\"https:\/\/schema.org\/Blog\" ><article class=\"post-entry post-entry-type-standard post-entry-14981 post-loop-1 post-parity-odd single-big with-slider post-14981 post type-post status-publish format-standard has-post-thumbnail hentry category-versicherung-verstehen tag-american-express-de tag-krankenversicherung tag-kreditkarten tag-reiseversicherung tag-revolut-de\"  itemscope=\"itemscope\" itemtype=\"https:\/\/schema.org\/BlogPosting\" ><div class=\"blog-meta\"><\/div><div class='entry-content-wrapper clearfix standard-content'><header class=\"entry-content-header\" aria-label=\"Post: Nomaden-Krankenversicherung: Ich hab&#8217;s auf meiner Kreditkarte\"><div class=\"av-heading-wrapper\"><h2 class='post-title entry-title '  itemprop=\"headline\" ><a href=\"https:\/\/nomads.insure\/de\/nomaden-krankenversicherung-ich-habs-auf-meiner-kreditkarte\/\" rel=\"bookmark\" title=\"Permanenter Link zu: Nomaden-Krankenversicherung: Ich hab&#8217;s auf meiner Kreditkarte\">Nomaden-Krankenversicherung: Ich hab&#8217;s auf meiner Kreditkarte<span class=\"post-format-icon minor-meta\"><\/span><\/a><\/h2><span class=\"blog-categories minor-meta\"><a href=\"https:\/\/nomads.insure\/de\/kategorie\/versicherung-verstehen\/\" rel=\"tag\">Versicherung verstehen<\/a><\/span><\/div><\/header><span class=\"av-vertical-delimiter\"><\/span><div class=\"big-preview single-big\"  itemprop=\"image\" itemscope=\"itemscope\" itemtype=\"https:\/\/schema.org\/ImageObject\" ><a href=\"https:\/\/nomads.insure\/de\/nomaden-krankenversicherung-ich-habs-auf-meiner-kreditkarte\/\"  title=\"NOMADS.insure_Madeira_ILY_7675\" ><img decoding=\"async\" loading=\"lazy\" width=\"845\" height=\"321\" src=\"https:\/\/nomads.insure\/wp-content\/uploads\/2023\/11\/NOMADS.insure_Madeira_ILY_7675-845x321.jpg\" class=\"wp-image-12040 avia-img-lazy-loading-12040 attachment-entry_with_sidebar size-entry_with_sidebar wp-post-image\" alt=\"Christoph and two sheep in the fog of Madeira island\" \/><\/a><\/div><div class=\"entry-content\"  itemprop=\"text\" >\n<p>Viele <strong>digitale Nomaden<\/strong> ziehen eine <strong>Reiseversicherung per Kreditkarte<\/strong> in Betracht, um sich weltweit abzusichern. Karten wie <strong>Revolut<\/strong> oder <strong>American Express<\/strong> bieten zwar umfangreiche Reiseversicherungsleistungen, aber sie sind f\u00fcr kurzfristige Reisen konzipiert, nicht f\u00fcr einen nomadischen Lebensstil.  <\/p>\n\n<p>Kreditkarten-Reiseversicherungen decken in der Regel Reisen von bis zu 30 Tagen ab (bzw. bis zu 90 Tagen bei h\u00f6herwertigen Tarifen) und setzen voraus, dass die Reise im Heimatland beginnt und endet.\nIm Gegensatz dazu deckt die Auslandskrankenversicherung langfristige, unbegrenzte Reisen ohne solche Einschr\u00e4nkungen ab und gew\u00e4hrleistet einen kontinuierlichen Schutz, egal wo du dich aufh\u00e4ltst. <\/p>\n\n<p>Du ahnst sicher schon, dass du dich als digitaler Nomade auf diese Art von Kreditkarten-Reiseversicherung verlassen musst.\nHier ist der Grund daf\u00fcr. <\/p>\n\n <a href=\"https:\/\/nomads.insure\/de\/nomaden-krankenversicherung-ich-habs-auf-meiner-kreditkarte\/\" class=\"more-link\">Weiterlesen<span class='more-link-arrow avia-svg-icon avia-font-svg_entypo-fontello' data-av_svg_icon='right-open-big' data-av_iconset='svg_entypo-fontello'><svg version=\"1.1\" xmlns=\"http:\/\/www.w3.org\/2000\/svg\" width=\"15\" height=\"32\" viewBox=\"0 0 15 32\" preserveAspectRatio=\"xMidYMid meet\" role=\"graphics-symbol\" aria-hidden=\"true\">\n<path d=\"M0.416 27.84l11.456-11.84-11.456-11.904q-0.832-0.832 0-1.536 0.832-0.832 1.536 0l12.544 12.608q0.768 0.832 0 1.6l-12.544 12.608q-0.704 0.832-1.536 0-0.832-0.704 0-1.536z\"><\/path>\n<\/svg><\/span><\/a><\/div><span class=\"post-meta-infos\"><time class=\"date-container minor-meta updated\"  itemprop=\"datePublished\" datetime=\"2024-07-30T21:58:25+03:00\" >30. Juli 2024<\/time><span class=\"text-sep\">\/<\/span><span class=\"blog-author minor-meta\">von <span class=\"entry-author-link\"  itemprop=\"author\" ><span class=\"author\"><span class=\"fn\"><a href=\"https:\/\/nomads.insure\/de\/author\/christoph-huebner\/\" title=\"Beitr\u00e4ge von Christoph Huebner\" rel=\"author\">Christoph Huebner<\/a><\/span><\/span><\/span><\/span><\/span><footer class=\"entry-footer\"><\/footer><div class='post_delimiter'><\/div><\/div><div class=\"post_author_timeline\"><\/div><span class='hidden'>\n\t\t\t\t<span class='av-structured-data'  itemprop=\"image\" itemscope=\"itemscope\" itemtype=\"https:\/\/schema.org\/ImageObject\" >\n\t\t\t\t\t\t<span itemprop='url'>https:\/\/nomads.insure\/wp-content\/uploads\/2023\/11\/NOMADS.insure_Madeira_ILY_7675.jpg<\/span>\n\t\t\t\t\t\t<span itemprop='height'>1277<\/span>\n\t\t\t\t\t\t<span itemprop='width'>1920<\/span>\n\t\t\t\t<\/span>\n\t\t\t\t<span class='av-structured-data'  itemprop=\"publisher\" itemtype=\"https:\/\/schema.org\/Organization\" itemscope=\"itemscope\" >\n\t\t\t\t\t\t<span itemprop='name'>Christoph Huebner<\/span>\n\t\t\t\t\t\t<span itemprop='logo' itemscope itemtype='https:\/\/schema.org\/ImageObject'>\n\t\t\t\t\t\t\t<span itemprop='url'>https:\/\/nomads.insure\/wp-content\/uploads\/2024\/03\/NOMADS.insure_signet_white_website-nav-head.svg<\/span>\n\t\t\t\t\t\t<\/span>\n\t\t\t\t<\/span><span class='av-structured-data'  itemprop=\"author\" itemscope=\"itemscope\" itemtype=\"https:\/\/schema.org\/Person\" ><span itemprop='name'>Christoph Huebner<\/span><\/span><span class='av-structured-data'  itemprop=\"datePublished\" datetime=\"2024-07-30T21:58:25+03:00\" >2024-07-30 21:58:25<\/span><span class='av-structured-data'  itemprop=\"dateModified\" itemtype=\"https:\/\/schema.org\/dateModified\" >2024-07-30 22:01:51<\/span><span class='av-structured-data'  itemprop=\"mainEntityOfPage\" itemtype=\"https:\/\/schema.org\/mainEntityOfPage\" ><span itemprop='name'>Nomaden-Krankenversicherung: Ich hab&#8217;s auf meiner Kreditkarte<\/span><\/span><\/span><\/article><article class=\"post-entry post-entry-type-standard post-entry-14893 post-loop-2 post-parity-even single-big with-slider post-14893 post type-post status-publish format-standard has-post-thumbnail hentry category-versicherung-verstehen tag-digitale-nomaden tag-familienplanung tag-krankenversicherung tag-nomadenfamilie\"  itemscope=\"itemscope\" itemtype=\"https:\/\/schema.org\/BlogPosting\" ><div class=\"blog-meta\"><\/div><div class='entry-content-wrapper clearfix standard-content'><header class=\"entry-content-header\" aria-label=\"Post: Nomadenpaare, Familienplanung und Krankenversicherung\"><div class=\"av-heading-wrapper\"><h2 class='post-title entry-title '  itemprop=\"headline\" ><a href=\"https:\/\/nomads.insure\/de\/nomadenpaare-familienplanung-und-krankenversicherung\/\" rel=\"bookmark\" title=\"Permanenter Link zu: Nomadenpaare, Familienplanung und Krankenversicherung\">Nomadenpaare, Familienplanung und Krankenversicherung<span class=\"post-format-icon minor-meta\"><\/span><\/a><\/h2><span class=\"blog-categories minor-meta\"><a href=\"https:\/\/nomads.insure\/de\/kategorie\/versicherung-verstehen\/\" rel=\"tag\">Versicherung verstehen<\/a><\/span><\/div><\/header><span class=\"av-vertical-delimiter\"><\/span><div class=\"big-preview single-big\"  itemprop=\"image\" itemscope=\"itemscope\" itemtype=\"https:\/\/schema.org\/ImageObject\" ><a href=\"https:\/\/nomads.insure\/de\/nomadenpaare-familienplanung-und-krankenversicherung\/\"  title=\"nomad-couple-family-planning-health-insurance\" ><img decoding=\"async\" loading=\"lazy\" width=\"845\" height=\"321\" src=\"https:\/\/nomads.insure\/wp-content\/uploads\/2024\/07\/nomad-couple-family-planning-health-insurance-845x321.webp\" class=\"wp-image-14676 avia-img-lazy-loading-14676 attachment-entry_with_sidebar size-entry_with_sidebar wp-post-image\" alt=\"Nomad Couple discovering the stunning coast line of Madeira island\" \/><\/a><\/div><div class=\"entry-content\"  itemprop=\"text\" >\n<p><strong>Du und Dein Partner tr\u00e4umt davon, gemeinsam die Welt zu erkunden und ein Leben voller Abenteuer zu f\u00fchren. Wenn Du von Land zu Land reist, kommt Dir vielleicht der Gedanke, eine Familie zu gr\u00fcnden. <\/strong><br \/>Familienplanung unterwegs bringt besondere Herausforderungen mit sich, vor allem wenn es um die Krankenversicherung geht. <br \/>Lies hier, wie du rechtzeitig daf\u00fcr sorgst, dass alle medizinischen Risiken f\u00fcr die <span style=\"text-decoration: underline;\">Schwangerschaft<\/span>, die <span style=\"text-decoration: underline;\">Geburt<\/span> und <span style=\"text-decoration: underline;\">Dein Baby<\/span> gut versichert werden.<\/p>\n\n<p>Hier bei NOMADS.insure verf\u00fcgen wir \u00fcber besonders fundierte Kenntnisse und Erfahrungen rund um die medizinische Absicherung von <strong>Paaren, die eine Familie gr\u00fcnden<\/strong>. Unser Mitgr\u00fcnder Christoph hat zuvor ein Jahrzehnt lang bei einem spezialisierten Makler f\u00fcr Kinderkrankenversicherungen gearbeitet. In diesem Artikel verr\u00e4t er Dir, was Du wissen musst. Das Wichtigste in K\u00fcrze:<br \/><strong>Keine Sorge<\/strong>, wenn Du <span style=\"text-decoration: underline;\">fr\u00fch genug handelst<\/span> (rechtzeitig vor der Schwangerschaft), k\u00f6nnen wir Dich f\u00fcr alles Unerwartete absichern.<\/p>\n\n <a href=\"https:\/\/nomads.insure\/de\/nomadenpaare-familienplanung-und-krankenversicherung\/\" class=\"more-link\">Weiterlesen<span class='more-link-arrow avia-svg-icon avia-font-svg_entypo-fontello' data-av_svg_icon='right-open-big' data-av_iconset='svg_entypo-fontello'><svg version=\"1.1\" xmlns=\"http:\/\/www.w3.org\/2000\/svg\" width=\"15\" height=\"32\" viewBox=\"0 0 15 32\" preserveAspectRatio=\"xMidYMid meet\" role=\"graphics-symbol\" aria-hidden=\"true\">\n<path d=\"M0.416 27.84l11.456-11.84-11.456-11.904q-0.832-0.832 0-1.536 0.832-0.832 1.536 0l12.544 12.608q0.768 0.832 0 1.6l-12.544 12.608q-0.704 0.832-1.536 0-0.832-0.704 0-1.536z\"><\/path>\n<\/svg><\/span><\/a><\/div><span class=\"post-meta-infos\"><time class=\"date-container minor-meta updated\"  itemprop=\"datePublished\" datetime=\"2024-07-16T18:56:19+03:00\" >16. Juli 2024<\/time><span class=\"text-sep\">\/<\/span><span class=\"blog-author minor-meta\">von <span class=\"entry-author-link\"  itemprop=\"author\" ><span class=\"author\"><span class=\"fn\"><a href=\"https:\/\/nomads.insure\/de\/author\/christoph-huebner\/\" title=\"Beitr\u00e4ge von Christoph Huebner\" rel=\"author\">Christoph Huebner<\/a><\/span><\/span><\/span><\/span><\/span><footer class=\"entry-footer\"><\/footer><div class='post_delimiter'><\/div><\/div><div class=\"post_author_timeline\"><\/div><span class='hidden'>\n\t\t\t\t<span class='av-structured-data'  itemprop=\"image\" itemscope=\"itemscope\" itemtype=\"https:\/\/schema.org\/ImageObject\" >\n\t\t\t\t\t\t<span itemprop='url'>https:\/\/nomads.insure\/wp-content\/uploads\/2024\/07\/nomad-couple-family-planning-health-insurance.webp<\/span>\n\t\t\t\t\t\t<span itemprop='height'>640<\/span>\n\t\t\t\t\t\t<span itemprop='width'>1280<\/span>\n\t\t\t\t<\/span>\n\t\t\t\t<span class='av-structured-data'  itemprop=\"publisher\" itemtype=\"https:\/\/schema.org\/Organization\" itemscope=\"itemscope\" >\n\t\t\t\t\t\t<span itemprop='name'>Christoph Huebner<\/span>\n\t\t\t\t\t\t<span itemprop='logo' itemscope itemtype='https:\/\/schema.org\/ImageObject'>\n\t\t\t\t\t\t\t<span itemprop='url'>https:\/\/nomads.insure\/wp-content\/uploads\/2024\/03\/NOMADS.insure_signet_white_website-nav-head.svg<\/span>\n\t\t\t\t\t\t<\/span>\n\t\t\t\t<\/span><span class='av-structured-data'  itemprop=\"author\" itemscope=\"itemscope\" itemtype=\"https:\/\/schema.org\/Person\" ><span itemprop='name'>Christoph Huebner<\/span><\/span><span class='av-structured-data'  itemprop=\"datePublished\" datetime=\"2024-07-16T18:56:19+03:00\" >2024-07-16 18:56:19<\/span><span class='av-structured-data'  itemprop=\"dateModified\" itemtype=\"https:\/\/schema.org\/dateModified\" >2024-07-17 14:37:00<\/span><span class='av-structured-data'  itemprop=\"mainEntityOfPage\" itemtype=\"https:\/\/schema.org\/mainEntityOfPage\" ><span itemprop='name'>Nomadenpaare, Familienplanung und Krankenversicherung<\/span><\/span><\/span><\/article><article class=\"post-entry post-entry-type-standard post-entry-14508 post-loop-3 post-parity-odd post-entry-last single-big with-slider post-14508 post type-post status-publish format-standard has-post-thumbnail hentry category-firmenmeldungen category-pressemitteilung tag-dr-walter-de tag-pressemitteilung tag-unternehmensnachrichten\"  itemscope=\"itemscope\" itemtype=\"https:\/\/schema.org\/BlogPosting\" ><div class=\"blog-meta\"><\/div><div class='entry-content-wrapper clearfix standard-content'><header class=\"entry-content-header\" aria-label=\"Post: NOMADS.insure geh\u00f6rt jetzt zur DR-WALTER-Familie\"><div class=\"av-heading-wrapper\"><h2 class='post-title entry-title '  itemprop=\"headline\" ><a href=\"https:\/\/nomads.insure\/de\/nomads-insure-gehoert-jetzt-zur-dr-walter-familie\/\" rel=\"bookmark\" title=\"Permanenter Link zu: NOMADS.insure geh\u00f6rt jetzt zur DR-WALTER-Familie\">NOMADS.insure geh\u00f6rt jetzt zur DR-WALTER-Familie<span class=\"post-format-icon minor-meta\"><\/span><\/a><\/h2><span class=\"blog-categories minor-meta\"><a href=\"https:\/\/nomads.insure\/de\/kategorie\/firmenmeldungen\/\" rel=\"tag\">Firmenmeldungen<\/a>, <a href=\"https:\/\/nomads.insure\/de\/kategorie\/pressemitteilung\/\" rel=\"tag\">Pressemitteilung<\/a><\/span><\/div><\/header><span class=\"av-vertical-delimiter\"><\/span><div class=\"big-preview single-big\"  itemprop=\"image\" itemscope=\"itemscope\" itemtype=\"https:\/\/schema.org\/ImageObject\" ><a href=\"https:\/\/nomads.insure\/de\/nomads-insure-gehoert-jetzt-zur-dr-walter-familie\/\"  title=\"Das Team von NOMADS.insure und DR.-WALTER: Christoph Huebner, Reinhard Bellinghausen, Markus Herrmann, Aaron Schnakenberg (von links nach rechts)\" ><img decoding=\"async\" loading=\"lazy\" width=\"845\" height=\"321\" src=\"https:\/\/nomads.insure\/wp-content\/uploads\/2024\/06\/2403_Team-NOMADS.insure-Dr.Walter_web-2-845x321.jpg\" class=\"wp-image-14511 avia-img-lazy-loading-14511 attachment-entry_with_sidebar size-entry_with_sidebar wp-post-image\" alt=\"Das Team von NOMADS.insure und DR.-WALTER: Christoph Huebner, Reinhard Bellinghausen, Markus Herrmann, Aaron Schnakenberg (von links nach rechts)\" \/><\/a><\/div><div class=\"entry-content\"  itemprop=\"text\" >\n<p>Digitale Nomaden brauchen besondere L\u00f6sungen f\u00fcr ihre internationale Krankenversicherung. Der Trend zum ortsunabh\u00e4ngigen Arbeiten beschleunigt sich weltweit immer weiter. F\u00fcr noch bessere L\u00f6sungen dieser Zielgruppe haben <strong>nomads.insure<\/strong> und <strong>DR-WALTER<\/strong> eine neue Allianz geschmiedet:<\/p>\n\n<p>Das inhabergef\u00fchrte Traditionsunternehmen DR-WALTER aus Neunkirchen-Seelscheid in der N\u00e4he von K\u00f6ln baut seine Partnerschaft jetzt in eine strategische Beteiligung aus. Der junge internationale Spezialmakler mit Sitz in Estland kann auf die Expertise, die Erfahrung und Kapazit\u00e4ten des Branchenspezialisten zur\u00fcckgreifen.<\/p>\n\n <a href=\"https:\/\/nomads.insure\/de\/nomads-insure-gehoert-jetzt-zur-dr-walter-familie\/\" class=\"more-link\">Weiterlesen<span class='more-link-arrow avia-svg-icon avia-font-svg_entypo-fontello' data-av_svg_icon='right-open-big' data-av_iconset='svg_entypo-fontello'><svg version=\"1.1\" xmlns=\"http:\/\/www.w3.org\/2000\/svg\" width=\"15\" height=\"32\" viewBox=\"0 0 15 32\" preserveAspectRatio=\"xMidYMid meet\" role=\"graphics-symbol\" aria-hidden=\"true\">\n<path d=\"M0.416 27.84l11.456-11.84-11.456-11.904q-0.832-0.832 0-1.536 0.832-0.832 1.536 0l12.544 12.608q0.768 0.832 0 1.6l-12.544 12.608q-0.704 0.832-1.536 0-0.832-0.704 0-1.536z\"><\/path>\n<\/svg><\/span><\/a><\/div><span class=\"post-meta-infos\"><time class=\"date-container minor-meta updated\"  itemprop=\"datePublished\" datetime=\"2024-06-23T19:21:06+03:00\" >23. Juni 2024<\/time><span class=\"text-sep\">\/<\/span><span class=\"blog-author minor-meta\">von <span class=\"entry-author-link\"  itemprop=\"author\" ><span class=\"author\"><span class=\"fn\"><a href=\"https:\/\/nomads.insure\/de\/author\/christoph-huebner\/\" title=\"Beitr\u00e4ge von Christoph Huebner\" rel=\"author\">Christoph Huebner<\/a><\/span><\/span><\/span><\/span><\/span><footer class=\"entry-footer\"><\/footer><div class='post_delimiter'><\/div><\/div><div class=\"post_author_timeline\"><\/div><span class='hidden'>\n\t\t\t\t<span class='av-structured-data'  itemprop=\"image\" itemscope=\"itemscope\" itemtype=\"https:\/\/schema.org\/ImageObject\" >\n\t\t\t\t\t\t<span itemprop='url'>https:\/\/nomads.insure\/wp-content\/uploads\/2024\/06\/2403_Team-NOMADS.insure-Dr.Walter_web-2.jpg<\/span>\n\t\t\t\t\t\t<span itemprop='height'>500<\/span>\n\t\t\t\t\t\t<span itemprop='width'>1000<\/span>\n\t\t\t\t<\/span>\n\t\t\t\t<span class='av-structured-data'  itemprop=\"publisher\" itemtype=\"https:\/\/schema.org\/Organization\" itemscope=\"itemscope\" >\n\t\t\t\t\t\t<span itemprop='name'>Christoph Huebner<\/span>\n\t\t\t\t\t\t<span itemprop='logo' itemscope itemtype='https:\/\/schema.org\/ImageObject'>\n\t\t\t\t\t\t\t<span itemprop='url'>https:\/\/nomads.insure\/wp-content\/uploads\/2024\/03\/NOMADS.insure_signet_white_website-nav-head.svg<\/span>\n\t\t\t\t\t\t<\/span>\n\t\t\t\t<\/span><span class='av-structured-data'  itemprop=\"author\" itemscope=\"itemscope\" itemtype=\"https:\/\/schema.org\/Person\" ><span itemprop='name'>Christoph Huebner<\/span><\/span><span class='av-structured-data'  itemprop=\"datePublished\" datetime=\"2024-06-23T19:21:06+03:00\" >2024-06-23 19:21:06<\/span><span class='av-structured-data'  itemprop=\"dateModified\" itemtype=\"https:\/\/schema.org\/dateModified\" >2024-07-07 00:43:16<\/span><span class='av-structured-data'  itemprop=\"mainEntityOfPage\" itemtype=\"https:\/\/schema.org\/mainEntityOfPage\" ><span itemprop='name'>NOMADS.insure geh\u00f6rt jetzt zur DR-WALTER-Familie<\/span><\/span><\/span><\/article><div class='single-big'><nav class='pagination'><span class='pagination-meta'>Seite 1 von 4<\/span><span class='current'>1<\/span><a href='https:\/\/nomads.insure\/de\/wp-json\/wp\/v2\/pages\/6399\/page\/2\/' class='inactive next_page' >2<\/a><a href='https:\/\/nomads.insure\/de\/wp-json\/wp\/v2\/pages\/6399\/page\/3\/' class='inactive' >3<\/a><a href='https:\/\/nomads.insure\/de\/wp-json\/wp\/v2\/pages\/6399\/page\/4\/' class='inactive' >4<\/a><\/nav>\n<\/div><\/div>\n","protected":false},"excerpt":{"rendered":"","protected":false},"author":1,"featured_media":0,"parent":0,"menu_order":60,"comment_status":"closed","ping_status":"closed","template":"","meta":{"inline_featured_image":false,"footnotes":""},"class_list":["post-6399","page","type-page","status-publish","hentry"],"aioseo_notices":[],"_links":{"self":[{"href":"https:\/\/nomads.insure\/de\/wp-json\/wp\/v2\/pages\/6399","targetHints":{"allow":["GET"]}}],"collection":[{"href":"https:\/\/nomads.insure\/de\/wp-json\/wp\/v2\/pages"}],"about":[{"href":"https:\/\/nomads.insure\/de\/wp-json\/wp\/v2\/types\/page"}],"author":[{"embeddable":true,"href":"https:\/\/nomads.insure\/de\/wp-json\/wp\/v2\/users\/1"}],"replies":[{"embeddable":true,"href":"https:\/\/nomads.insure\/de\/wp-json\/wp\/v2\/comments?post=6399"}],"version-history":[{"count":5,"href":"https:\/\/nomads.insure\/de\/wp-json\/wp\/v2\/pages\/6399\/revisions"}],"predecessor-version":[{"id":12823,"href":"https:\/\/nomads.insure\/de\/wp-json\/wp\/v2\/pages\/6399\/revisions\/12823"}],"wp:attachment":[{"href":"https:\/\/nomads.insure\/de\/wp-json\/wp\/v2\/media?parent=6399"}],"curies":[{"name":"wp","href":"https:\/\/api.w.org\/{rel}","templated":true}]}}