


{"id":554,"date":"2021-08-22T16:31:57","date_gmt":"2021-08-22T14:31:57","guid":{"rendered":"https:\/\/nomads.insure\/impressum-erstinformation\/"},"modified":"2026-02-13T08:14:00","modified_gmt":"2026-02-13T06:14:00","slug":"impressum-erstinformation","status":"publish","type":"page","link":"https:\/\/nomads.insure\/de\/impressum-erstinformation\/","title":{"rendered":"Impressum &#038; Erstinformation"},"content":{"rendered":"\n<style type=\"text\/css\" data-created_by=\"avia_inline_auto\" id=\"style-css-av-3k52p-097cdc7bf2e43396f5df5b0eb5cbf56e\">\n.flex_column.av-3k52p-097cdc7bf2e43396f5df5b0eb5cbf56e{\nborder-radius:0px 0px 0px 0px;\npadding:0px 0px 0px 0px;\n}\n<\/style>\n<div  class='flex_column av-3k52p-097cdc7bf2e43396f5df5b0eb5cbf56e av_one_full  avia-builder-el-0  el_before_av_one_half  avia-builder-el-first  first flex_column_div av-zero-column-padding  '     ><style type=\"text\/css\" data-created_by=\"avia_inline_auto\" id=\"style-css-av-jsbxsqx0-d7692833bb31adc78a7f3c0c78584d82\">\n#top .av-special-heading.av-jsbxsqx0-d7692833bb31adc78a7f3c0c78584d82{\npadding-bottom:10px;\n}\nbody .av-special-heading.av-jsbxsqx0-d7692833bb31adc78a7f3c0c78584d82 .av-special-heading-tag .heading-char{\nfont-size:25px;\n}\n.av-special-heading.av-jsbxsqx0-d7692833bb31adc78a7f3c0c78584d82 .av-subheading{\nfont-size:15px;\n}\n<\/style>\n<div  class='av-special-heading av-jsbxsqx0-d7692833bb31adc78a7f3c0c78584d82 av-special-heading-h1 blockquote modern-quote modern-centered  avia-builder-el-1  avia-builder-el-no-sibling '><h1 class='av-special-heading-tag '  itemprop=\"headline\"  >Impressum <span class='special_amp'>&amp;<\/span> Erstinformation<\/h1><div class=\"special-heading-border\"><div class=\"special-heading-inner-border\"><\/div><\/div><\/div><\/div>\n\n<style type=\"text\/css\" data-created_by=\"avia_inline_auto\" id=\"style-css-av-2ofn1-a59b16654057b61c69b49eeb30bc3a63\">\n.flex_column.av-2ofn1-a59b16654057b61c69b49eeb30bc3a63{\nborder-radius:0px 0px 0px 0px;\npadding:0px 0px 0px 0px;\n}\n<\/style>\n<div  class='flex_column av-2ofn1-a59b16654057b61c69b49eeb30bc3a63 av_one_half  avia-builder-el-2  el_after_av_one_full  el_before_av_one_half  first flex_column_div av-zero-column-padding  column-top-margin'     ><p>\n<style type=\"text\/css\" data-created_by=\"avia_inline_auto\" id=\"style-css-av-jsbxu4cr-42a97898efc8a42164fa6aae733a1c5d\">\n#top .av-special-heading.av-jsbxu4cr-42a97898efc8a42164fa6aae733a1c5d{\npadding-bottom:10px;\n}\nbody .av-special-heading.av-jsbxu4cr-42a97898efc8a42164fa6aae733a1c5d .av-special-heading-tag .heading-char{\nfont-size:25px;\n}\n.av-special-heading.av-jsbxu4cr-42a97898efc8a42164fa6aae733a1c5d .av-subheading{\nfont-size:15px;\n}\n<\/style>\n<div  class='av-special-heading av-jsbxu4cr-42a97898efc8a42164fa6aae733a1c5d av-special-heading-h2  avia-builder-el-3  el_before_av_textblock  avia-builder-el-first '><h2 class='av-special-heading-tag '  itemprop=\"headline\"  >Herausgeber dieser Website<\/h2><div class=\"special-heading-border\"><div class=\"special-heading-inner-border\"><\/div><\/div><\/div><br \/>\n<section  class='av_textblock_section av-jsbxttml-4b9c07bf5b3871517c33a07b70d68125 '   itemscope=\"itemscope\" itemtype=\"https:\/\/schema.org\/CreativeWork\" ><div class='avia_textblock'  itemprop=\"text\" ><h3 class=\"widgettitle\">Herrmann, Huebner &amp; Partner Insurance Broker O\u00dc<\/h3>\n<p>Tartu mnt 67\/1-13b, 10115 Tallinn, Estland<br \/>\nE-Mail: <a href=\"mailto:legal.2026.contact@mail.hhp.ee\">legal.2026.contact@mail.hhp.ee<\/a><br \/>\nGesch\u00e4ftsf\u00fchrung: Christoph H\u00fcbner<\/p>\n<p>Registriernummer: 14897643<\/p>\n<\/div><\/section><\/p><\/div>\n<style type=\"text\/css\" data-created_by=\"avia_inline_auto\" id=\"style-css-av-270k1-fb692531781df3edc370ebdd52f82d01\">\n.flex_column.av-270k1-fb692531781df3edc370ebdd52f82d01{\nborder-radius:0px 0px 0px 0px;\npadding:0px 0px 0px 0px;\n}\n<\/style>\n<div  class='flex_column av-270k1-fb692531781df3edc370ebdd52f82d01 av_one_half  avia-builder-el-5  el_after_av_one_half  el_before_av_heading  flex_column_div av-zero-column-padding  column-top-margin'     ><p>\n<style type=\"text\/css\" data-created_by=\"avia_inline_auto\" id=\"style-css-av-1pljt-da1d13cb134a98ef7213b2dbfca9e01f\">\n#top .av-special-heading.av-1pljt-da1d13cb134a98ef7213b2dbfca9e01f{\npadding-bottom:10px;\n}\nbody .av-special-heading.av-1pljt-da1d13cb134a98ef7213b2dbfca9e01f .av-special-heading-tag .heading-char{\nfont-size:25px;\n}\n.av-special-heading.av-1pljt-da1d13cb134a98ef7213b2dbfca9e01f .av-subheading{\nfont-size:15px;\n}\n<\/style>\n<div  class='av-special-heading av-1pljt-da1d13cb134a98ef7213b2dbfca9e01f av-special-heading-h2  avia-builder-el-6  el_before_av_textblock  avia-builder-el-first  av-linked-heading'><h2 class='av-special-heading-tag '  itemprop=\"headline\"  >Versicherungsmakler<\/h2><div class=\"special-heading-border\"><div class=\"special-heading-inner-border\"><\/div><\/div><\/div><br \/>\n<section  class='av_textblock_section av-jsbxttml-2-68ee3bc3348dd24662f65552721ef2e5 '   itemscope=\"itemscope\" itemtype=\"https:\/\/schema.org\/CreativeWork\" ><div class='avia_textblock'  itemprop=\"text\" ><p>Wir sind ein Unternehmen, das als Versicherungsmakler t\u00e4tig ist und in der Liste der Versicherungsvermittler der Finanzaufsichtsbeh\u00f6rde Estlands aufgef\u00fchrt ist. Unsere Gewerbeerlaubnis kann jederzeit hier \u00fcberpr\u00fcft werden:<\/p>\n<p><a href=\"https:\/\/fi.ee\/en\/insurance-0\/insurance\/insurance-intermediaries\/insurance-brokers\/herrmann-huebner-partner-insurance-broker-ou\" target=\"_blank\" rel=\"noopener\">https:\/\/fi.ee\/en\/insurance-0\/insurance\/insurance-intermediaries\/insurance-brokers\/herrmann-huebner-partner-insurance-broker-ou<\/a><\/p>\n<\/div><\/section><\/p><\/div><\/p>\n\n<style type=\"text\/css\" data-created_by=\"avia_inline_auto\" id=\"style-css-av-zz91-a2c76e8b2965439058d3e10ec50d145f\">\n#top .av-special-heading.av-zz91-a2c76e8b2965439058d3e10ec50d145f{\npadding-bottom:10px;\n}\nbody .av-special-heading.av-zz91-a2c76e8b2965439058d3e10ec50d145f .av-special-heading-tag .heading-char{\nfont-size:25px;\n}\n.av-special-heading.av-zz91-a2c76e8b2965439058d3e10ec50d145f .av-subheading{\nfont-size:15px;\n}\n<\/style>\n<div  class='av-special-heading av-zz91-a2c76e8b2965439058d3e10ec50d145f av-special-heading-h2 blockquote modern-quote modern-centered  avia-builder-el-8  el_after_av_one_half  el_before_av_hr  av-linked-heading'><h2 class='av-special-heading-tag '  itemprop=\"headline\"  >Gewerbeerlaubnis <span class='special_amp'>&amp;<\/span> Beschwerdestellen<\/h2><div class=\"special-heading-border\"><div class=\"special-heading-inner-border\"><\/div><\/div><\/div>\n\n<style type=\"text\/css\" data-created_by=\"avia_inline_auto\" id=\"style-css-av-jsby7lub-0e26e30aef651bd5d8a37720fb2d32fc\">\n#top .hr.hr-invisible.av-jsby7lub-0e26e30aef651bd5d8a37720fb2d32fc{\nheight:35px;\n}\n<\/style>\n<div  class='hr av-jsby7lub-0e26e30aef651bd5d8a37720fb2d32fc hr-invisible  avia-builder-el-9  el_after_av_heading  el_before_av_one_fourth '><span class='hr-inner '><span class=\"hr-inner-style\"><\/span><\/span><\/div>\n\n<style type=\"text\/css\" data-created_by=\"avia_inline_auto\" id=\"style-css-av-ggx-cf80038be12dbe27e1995c6e0dcc58f7\">\n.flex_column.av-ggx-cf80038be12dbe27e1995c6e0dcc58f7{\nborder-radius:0px 0px 0px 0px;\npadding:0px 0px 0px 0px;\n}\n<\/style>\n<div  class='flex_column av-ggx-cf80038be12dbe27e1995c6e0dcc58f7 av_one_fourth  avia-builder-el-10  el_after_av_hr  el_before_av_one_fourth  first flex_column_div av-zero-column-padding  '     ><section  class='av_textblock_section av-jsby3h65-efec346ed4e7ac3b7585ad1abd55f1ef '   itemscope=\"itemscope\" itemtype=\"https:\/\/schema.org\/CreativeWork\" ><div class='avia_textblock'  itemprop=\"text\" ><h3>Interesse der Kunden<\/h3>\n<p>  Als Versicherungsmakler erbringen wir Maklerdienstleistungen im Interesse des Kunden, indem wir Vertr\u00e4ge auf der Grundlage einer unabh\u00e4ngigen Analyse vermitteln. Das bedeutet, dass der Versicherungsmakler den Kunden bei der Versicherungsgesellschaft vertritt und mit den Versicherungsgesellschaften nur insoweit zusammenarbeitet, wie es auf Anhieb notwendig ist.<\/p>\n<\/div><\/section><br \/>\n<section  class='av_textblock_section av-jsby4ckj-393f399d8de98926aea98661f3bea4bc '   itemscope=\"itemscope\" itemtype=\"https:\/\/schema.org\/CreativeWork\" ><div class='avia_textblock'  itemprop=\"text\" ><h3>Versicherung<\/h3>\n<p>  Der Haftpflichtversicherer des Versicherungsmaklers ist  <\/p>\n<ul>\n<li>UAB &#8220;Prokopius&#8221; im Namen von Lloyd&#8217;s Insurance Company S.A.<\/li>\n<li>Police Nr. PI21PR0137<\/li>\n<li>E-Mail: claims@prokopius.com<\/li>\n<\/ul>\n<\/div><\/section><\/p><\/div>\n\n<style type=\"text\/css\" data-created_by=\"avia_inline_auto\" id=\"style-css-av-txyt-7934db7fc0a1dad805673a3fe6c07440\">\n.flex_column.av-txyt-7934db7fc0a1dad805673a3fe6c07440{\nborder-radius:0px 0px 0px 0px;\npadding:0px 0px 0px 0px;\n}\n<\/style>\n<div  class='flex_column av-txyt-7934db7fc0a1dad805673a3fe6c07440 av_one_fourth  avia-builder-el-13  el_after_av_one_fourth  el_before_av_one_half  flex_column_div av-zero-column-padding  '     ><section  class='av_textblock_section av-kr4q3230-05654b62ecde76a2217a211172453561 '   itemscope=\"itemscope\" itemtype=\"https:\/\/schema.org\/CreativeWork\" ><div class='avia_textblock'  itemprop=\"text\" ><h3>Verg\u00fctung<\/h3>\n<p>Als Makler k\u00f6nnen wir eine Provision sowohl vom Versicherungsnehmer als auch in der Form erhalten, dass die Provision von der Versicherungsgesellschaft im Namen des Versicherungsnehmers gezahlt wird, oder in einer Kombination der oben genannten M\u00f6glichkeiten. Wir legen dem Kunden stets offen, wie hoch die Provision ist, die er erh\u00e4lt, und von wem die Provision gezahlt wird, sowie die Grunds\u00e4tze der Bildung der Provision auf der Grundlage des Versicherungsvertrags. Die Maklerprovision ist im Allgemeinen ein Prozentsatz der Versicherungspr\u00e4mie oder eine feste Geb\u00fchr.<\/p>\n<p>Der jeweils aktuellste Jahresabschluss kann gem\u00e4\u00df den estnischen Aufsichtsregeln jederzeit <a href=\"https:\/\/web.tresorit.com\/l\/ijfnU#HHe7FAcIDRoG8rjdbp99JQ\" target=\"_blank\" rel=\"noopener\">kostenlos hier heruntergeladen<\/a> werden.<\/p>\n<\/div><\/section><\/div>\n\n<style type=\"text\/css\" data-created_by=\"avia_inline_auto\" id=\"style-css-av-zhfd-dae7080ca8e99ebc5cf879f47a95e3fa\">\n.flex_column.av-zhfd-dae7080ca8e99ebc5cf879f47a95e3fa{\nborder-radius:0px 0px 0px 0px;\npadding:0px 0px 0px 0px;\n}\n<\/style>\n<div  class='flex_column av-zhfd-dae7080ca8e99ebc5cf879f47a95e3fa av_one_half  avia-builder-el-15  el_after_av_one_fourth  avia-builder-el-last  flex_column_div av-zero-column-padding  '     ><section  class='av_textblock_section av-jsby4ckj-1-8671f3c515efd0c81eb781b42a93271d '   itemscope=\"itemscope\" itemtype=\"https:\/\/schema.org\/CreativeWork\" ><div class='avia_textblock'  itemprop=\"text\" ><h3>Beschwerdemanagement<\/h3>\n<p>Eine Kundenbeschwerde muss innerhalb von 10 Tagen nach ihrer Einreichung beim Versicherungsmakler gel\u00f6st werden. Sind zur Kl\u00e4rung der Beschwerde zus\u00e4tzliche Informationen oder eine gr\u00fcndlichere Untersuchung erforderlich, so ist die Beschwerde innerhalb von 30 Tagen nach Eingang der Beschwerde beim Versicherungsmakler zu kl\u00e4ren. Der Eingang der Beschwerde wird best\u00e4tigt, und der Beschwerdef\u00fchrer wird \u00fcber das Verfahren zur Beilegung der Beschwerde in einer schriftlich wiedergebbaren Form informiert.<\/p>\n<p>Die im Falle einer Kundenbeschwerde getroffene Entscheidung wird in nachvollziehbarer schriftlicher Form an die Kontaktadresse des Kunden oder per E-Mail \u00fcbermittelt. Zusammen mit der Erledigung der Beschwerde werden dem Kunden die M\u00f6glichkeiten zur Fortsetzung des Rechtsstreits erl\u00e4utert, und er erh\u00e4lt die M\u00f6glichkeit, zus\u00e4tzliche Erkl\u00e4rungen zu erhalten.<\/p>\n<p>Es ist m\u00f6glich, eine Beschwerde gegen die T\u00e4tigkeit eines Versicherungsmaklers beim Ausschuss f\u00fcr Verbraucherbeschwerden der Verbraucherschutzbeh\u00f6rde (die Beschwerderichtlinien sind unter <a href=\"https:\/\/www.ttja.ee\/\" target=\"_blank\" rel=\"nofollow noopener\">www.ttja.ee<\/a> ver\u00f6ffentlicht) oder bei der Finanzaufsichtsbeh\u00f6rde <a href=\"https:\/\/www.fi.ee\" target=\"_blank\" rel=\"nofollow noopener\">(www.fi.ee)<\/a> oder einem Gericht <a href=\"https:\/\/www.kohus.ee\" target=\"_blank\" rel=\"nofollow noopener\">(www.kohus.ee)<\/a> einzureichen.<\/p>\n<\/div><\/section><\/div>\n","protected":false},"excerpt":{"rendered":"","protected":false},"author":1,"featured_media":0,"parent":0,"menu_order":10,"comment_status":"closed","ping_status":"closed","template":"","meta":{"inline_featured_image":false,"footnotes":""},"class_list":["post-554","page","type-page","status-publish","hentry"],"aioseo_notices":[],"_links":{"self":[{"href":"https:\/\/nomads.insure\/de\/wp-json\/wp\/v2\/pages\/554","targetHints":{"allow":["GET"]}}],"collection":[{"href":"https:\/\/nomads.insure\/de\/wp-json\/wp\/v2\/pages"}],"about":[{"href":"https:\/\/nomads.insure\/de\/wp-json\/wp\/v2\/types\/page"}],"author":[{"embeddable":true,"href":"https:\/\/nomads.insure\/de\/wp-json\/wp\/v2\/users\/1"}],"replies":[{"embeddable":true,"href":"https:\/\/nomads.insure\/de\/wp-json\/wp\/v2\/comments?post=554"}],"version-history":[{"count":4,"href":"https:\/\/nomads.insure\/de\/wp-json\/wp\/v2\/pages\/554\/revisions"}],"predecessor-version":[{"id":20058,"href":"https:\/\/nomads.insure\/de\/wp-json\/wp\/v2\/pages\/554\/revisions\/20058"}],"wp:attachment":[{"href":"https:\/\/nomads.insure\/de\/wp-json\/wp\/v2\/media?parent=554"}],"curies":[{"name":"wp","href":"https:\/\/api.w.org\/{rel}","templated":true}]}}