


{"id":13440,"date":"2024-02-04T18:34:47","date_gmt":"2024-02-04T16:34:47","guid":{"rendered":"https:\/\/nomads.insure\/?page_id=13440"},"modified":"2024-03-11T12:56:33","modified_gmt":"2024-03-11T10:56:33","slug":"deutsche-pkv-fuer-digitale-nomaden","status":"publish","type":"page","link":"https:\/\/nomads.insure\/de\/deutsche-pkv-fuer-digitale-nomaden\/","title":{"rendered":"Deutsche PKV f\u00fcr Digitale Nomaden"},"content":{"rendered":"<div id='av_section_1'  class='avia-section av-1b79k0w-f5f1347a4c311d881700baf607e06fa7 main_color avia-section-default avia-no-border-styling  avia-builder-el-0  el_before_av_one_half  avia-builder-el-first  avia-bg-style-scroll container_wrap sidebar_right'  ><div class='container av-section-cont-open' ><main  role=\"main\" itemprop=\"mainContentOfPage\"  class='template-page content  av-content-small alpha units'><div class='post-entry post-entry-type-page post-entry-13440'><div class='entry-content-wrapper clearfix'>\n<div  class='flex_column av-unrsrk-0d4a36bffa1bd6aec7326c620d1d5278 av_one_half  avia-builder-el-1  avia-builder-el-no-sibling  first flex_column_div  '     ><style type=\"text\/css\" data-created_by=\"avia_inline_auto\" id=\"style-css-av-ls7q3mu9-910242b98a1f4ac8fe62822820d0f476\">\n#top .av-special-heading.av-ls7q3mu9-910242b98a1f4ac8fe62822820d0f476{\npadding-bottom:10px;\n}\nbody .av-special-heading.av-ls7q3mu9-910242b98a1f4ac8fe62822820d0f476 .av-special-heading-tag .heading-char{\nfont-size:25px;\n}\n.av-special-heading.av-ls7q3mu9-910242b98a1f4ac8fe62822820d0f476 .av-subheading{\nfont-size:15px;\n}\n<\/style>\n<div  class='av-special-heading av-ls7q3mu9-910242b98a1f4ac8fe62822820d0f476 av-special-heading-h1 blockquote modern-quote  avia-builder-el-2  avia-builder-el-no-sibling '><h1 class='av-special-heading-tag '  itemprop=\"headline\"  >Deutsche PKV f\u00fcr digitale Nomaden<\/h1><div class=\"special-heading-border\"><div class=\"special-heading-inner-border\"><\/div><\/div><\/div><\/div>\n<\/div><\/div><\/main><!-- close content main element --><\/div><\/div><div id='after_section_1'  class='main_color av_default_container_wrap container_wrap sidebar_right'  ><div class='container av-section-cont-open' ><div class='template-page content  av-content-small alpha units'><div class='post-entry post-entry-type-page post-entry-13440'><div class='entry-content-wrapper clearfix'>\n<div  class='flex_column av-av_one_half-7c009bd1f92d9d96958f8bb0734cda24 av_one_half  avia-builder-el-3  el_after_av_section  avia-builder-el-no-sibling  first flex_column_div  '     ><section  class='av_textblock_section av-ltmtuns0-64837def391864bb5cfd93a26d0a39fb '   itemscope=\"itemscope\" itemtype=\"https:\/\/schema.org\/CreativeWork\" ><div class='avia_textblock'  itemprop=\"text\" ><p>Internationale Krankenversicherungen sind anders als die deutsche PKV. Welche Variante f\u00fcr Deine Pl\u00e4ne f\u00fcr einen nomadischen Lebensstil die richtige ist, h\u00e4ngt davon ab, wie lange Dein Planungshorizont tats\u00e4chlich ist.<\/p>\n<ul>\n<li><strong>Alterungsr\u00fcckstellungen gibt es nur in der deutschen PKV<\/strong><br \/>\nDas bedeutet, dass Du in internationalen Krankenversicherungen immer den Beitrag bezahlst, der der Schadenquote Deiner Altersgruppe entspricht. Das macht internationale Krankenversicherungen g\u00fcnstig so lange Du jung bist und extrem teuer wenn Du \u00e4lter wirst.<\/li>\n<li><strong>Unk\u00fcndbarkeit durch den Versicherer<\/strong><br \/>\nDeutsche private Vollkrankenversicherungen k\u00f6nnen nach Abschluss durch den Versicherer nicht mehr gek\u00fcndigt werden. Selbst wenn Du die Beitr\u00e4ge nicht mehr bezahlst, m\u00fcssen sie Dich zumindest in einem Notlagentarif weiter versichern.<\/li>\n<li><strong>Keine Summenbegrenzungen<\/strong><br \/>\nAlles, was vom Tarif abgedeckt und medizinisch sinnvoll ist, muss bezahlt werden &#8211; selbst, wenn es Millionen kostet. Solche Tarife sind im internationalen Umfeld selten und teuer.<\/li>\n<li><strong>Absicherung von Pflegebed\u00fcrftigkeit<\/strong><br \/>\nInternationale Krankenversicheurngen bezahlen die Behandlung und Heilung von Erkrankungen. Pflege ist bestenfalls f\u00fcr wenige Wochen versicherbar.<\/li>\n<\/ul>\n<p>Die Liste der Unterschiede geht noch weiter. Die Arbeitskraftabsicherung (Krankentagegeld) ist zum Beispiel am internationalen Markt kaum zu bekommen.<\/p>\n<\/div><\/section><\/div>\n","protected":false},"excerpt":{"rendered":"","protected":false},"author":1,"featured_media":0,"parent":0,"menu_order":0,"comment_status":"closed","ping_status":"closed","template":"","meta":{"inline_featured_image":false,"footnotes":""},"class_list":["post-13440","page","type-page","status-publish","hentry"],"aioseo_notices":[],"_links":{"self":[{"href":"https:\/\/nomads.insure\/de\/wp-json\/wp\/v2\/pages\/13440","targetHints":{"allow":["GET"]}}],"collection":[{"href":"https:\/\/nomads.insure\/de\/wp-json\/wp\/v2\/pages"}],"about":[{"href":"https:\/\/nomads.insure\/de\/wp-json\/wp\/v2\/types\/page"}],"author":[{"embeddable":true,"href":"https:\/\/nomads.insure\/de\/wp-json\/wp\/v2\/users\/1"}],"replies":[{"embeddable":true,"href":"https:\/\/nomads.insure\/de\/wp-json\/wp\/v2\/comments?post=13440"}],"version-history":[{"count":4,"href":"https:\/\/nomads.insure\/de\/wp-json\/wp\/v2\/pages\/13440\/revisions"}],"predecessor-version":[{"id":13612,"href":"https:\/\/nomads.insure\/de\/wp-json\/wp\/v2\/pages\/13440\/revisions\/13612"}],"wp:attachment":[{"href":"https:\/\/nomads.insure\/de\/wp-json\/wp\/v2\/media?parent=13440"}],"curies":[{"name":"wp","href":"https:\/\/api.w.org\/{rel}","templated":true}]}}