


{"id":11027,"date":"2023-11-01T00:54:33","date_gmt":"2023-10-31T22:54:33","guid":{"rendered":"https:\/\/nomads.insure\/ueber\/warum-ein-makler-warum-wir\/"},"modified":"2023-11-02T19:06:32","modified_gmt":"2023-11-02T17:06:32","slug":"warum-ein-makler-warum-wir","status":"publish","type":"page","link":"https:\/\/nomads.insure\/de\/ueber\/warum-ein-makler-warum-wir\/","title":{"rendered":"Warum ein Makler? Warum wir?"},"content":{"rendered":"<p><div  class='flex_column av-f3wp1-1453a4683e2f59edaeeb3dc0f97740a2 av_one_half  avia-builder-el-0  el_before_av_one_half  avia-builder-el-first  first flex_column_div  '     ><p>\n<style type=\"text\/css\" data-created_by=\"avia_inline_auto\" id=\"style-css-av-ksncfpgo-58fe22686bb7753a0ea48e4e4149d5f2\">\n#top .av-special-heading.av-ksncfpgo-58fe22686bb7753a0ea48e4e4149d5f2{\npadding-bottom:10px;\n}\nbody .av-special-heading.av-ksncfpgo-58fe22686bb7753a0ea48e4e4149d5f2 .av-special-heading-tag .heading-char{\nfont-size:25px;\n}\n.av-special-heading.av-ksncfpgo-58fe22686bb7753a0ea48e4e4149d5f2 .av-subheading{\nfont-size:15px;\n}\n\n@media only screen and (min-width: 990px){ \n#top #wrap_all .av-special-heading.av-ksncfpgo-58fe22686bb7753a0ea48e4e4149d5f2 .av-special-heading-tag{\nfont-size:80px;\n}\n.av-special-heading.av-ksncfpgo-58fe22686bb7753a0ea48e4e4149d5f2 .av-subheading{\nfont-size:20px;\n}\n}\n\n@media only screen and (min-width: 768px) and (max-width: 989px){ \n#top #wrap_all .av-special-heading.av-ksncfpgo-58fe22686bb7753a0ea48e4e4149d5f2 .av-special-heading-tag{\nfont-size:80px;\n}\n.av-special-heading.av-ksncfpgo-58fe22686bb7753a0ea48e4e4149d5f2 .av-subheading{\nfont-size:20px;\n}\n}\n\n@media only screen and (min-width: 480px) and (max-width: 767px){ \n#top #wrap_all .av-special-heading.av-ksncfpgo-58fe22686bb7753a0ea48e4e4149d5f2 .av-special-heading-tag{\nfont-size:80px;\n}\n.av-special-heading.av-ksncfpgo-58fe22686bb7753a0ea48e4e4149d5f2 .av-subheading{\nfont-size:20px;\n}\n}\n\n@media only screen and (max-width: 479px){ \n#top #wrap_all .av-special-heading.av-ksncfpgo-58fe22686bb7753a0ea48e4e4149d5f2 .av-special-heading-tag{\nfont-size:38px;\n}\n.av-special-heading.av-ksncfpgo-58fe22686bb7753a0ea48e4e4149d5f2 .av-subheading{\nfont-size:15px;\n}\n}\n<\/style>\n<div  class='av-special-heading av-ksncfpgo-58fe22686bb7753a0ea48e4e4149d5f2 av-special-heading-h1 blockquote modern-quote  avia-builder-el-1  el_before_av_hr  avia-builder-el-first '><h1 class='av-special-heading-tag '  itemprop=\"headline\"  ><span class=&quot;blue&quot;>Darum sidn wir <\/span>der richtige Makler f\u00fcr Dich<\/h1><div class='av-subheading av-subheading_below'><p>NOMADS.insure ist die Marke von Herrmann, Huebner &amp; Partner &#8211; einem zugelassenen Versicherungsmakler. Wir stehen also rechtlich auf Deiner Seite, mit Dir gegen\u00fcber den Versicherungsgesellschaften.<\/p>\n<\/div><div class=\"special-heading-border\"><div class=\"special-heading-inner-border\"><\/div><\/div><\/div><br \/>\n\n<style type=\"text\/css\" data-created_by=\"avia_inline_auto\" id=\"style-css-av-lkmp9udv-cb47a91478f13bd13cb0e2d4be26c4bb\">\n#top .hr.hr-invisible.av-lkmp9udv-cb47a91478f13bd13cb0e2d4be26c4bb{\nheight:50px;\n}\n<\/style>\n<div  class='hr av-lkmp9udv-cb47a91478f13bd13cb0e2d4be26c4bb hr-invisible  avia-builder-el-2  el_after_av_heading  el_before_av_codeblock '><span class='hr-inner '><span class=\"hr-inner-style\"><\/span><\/span><\/div><br \/>\n<\/p><\/div><div  class='flex_column av-bi665-48cbcd19d94b97d358abcdbcb991b4a3 av_one_half  avia-builder-el-4  el_after_av_one_half  avia-builder-el-last  flex_column_div  '     ><style type=\"text\/css\" data-created_by=\"avia_inline_auto\" id=\"style-css-av-loa85ker-2f9cf66120879bdf508d1ca0c0e1f1b3\">\n#top .avia-icon-list-container.av-loa85ker-2f9cf66120879bdf508d1ca0c0e1f1b3 .iconlist_icon{\ncolor:#f8f8f8;\nbackground-color:#0072ce;\n}\n#top .avia-icon-list-container.av-loa85ker-2f9cf66120879bdf508d1ca0c0e1f1b3 .iconlist_icon svg:first-child{\nstroke:#f8f8f8;\nfill:#f8f8f8;\n}\n\n@media only screen and (min-width: 990px){ \n#top #wrap_all .avia-icon-list-container.av-loa85ker-2f9cf66120879bdf508d1ca0c0e1f1b3 .av_iconlist_title{\nfont-size:25px;\n}\n.avia-icon-list-container.av-loa85ker-2f9cf66120879bdf508d1ca0c0e1f1b3 .iconlist_content{\nfont-size:20px;\n}\n}\n\n@media only screen and (min-width: 768px) and (max-width: 989px){ \n#top #wrap_all .avia-icon-list-container.av-loa85ker-2f9cf66120879bdf508d1ca0c0e1f1b3 .av_iconlist_title{\nfont-size:25px;\n}\n.avia-icon-list-container.av-loa85ker-2f9cf66120879bdf508d1ca0c0e1f1b3 .iconlist_content{\nfont-size:20px;\n}\n}\n\n@media only screen and (min-width: 480px) and (max-width: 767px){ \n#top #wrap_all .avia-icon-list-container.av-loa85ker-2f9cf66120879bdf508d1ca0c0e1f1b3 .av_iconlist_title{\nfont-size:25px;\n}\n.avia-icon-list-container.av-loa85ker-2f9cf66120879bdf508d1ca0c0e1f1b3 .iconlist_content{\nfont-size:20px;\n}\n}\n\n@media only screen and (max-width: 479px){ \n#top #wrap_all .avia-icon-list-container.av-loa85ker-2f9cf66120879bdf508d1ca0c0e1f1b3 .av_iconlist_title{\nfont-size:20px;\n}\n.avia-icon-list-container.av-loa85ker-2f9cf66120879bdf508d1ca0c0e1f1b3 .iconlist_content{\nfont-size:15px;\n}\n}\n<\/style>\n<div  class='avia-icon-list-container av-loa85ker-2f9cf66120879bdf508d1ca0c0e1f1b3  avia-builder-el-5  avia-builder-el-no-sibling '><ul class='avia-icon-list avia_animate_when_almost_visible avia-icon-list-left av-iconlist-big av-loa85ker-2f9cf66120879bdf508d1ca0c0e1f1b3 avia-iconlist-animate'>\n<li><div class='iconlist_icon av-33qtp-89a235ad31bf54d93013f07e84cfef22 avia-font-flaticon avia-iconfont avia-font-flaticon'><span class='av-icon-char' data-av_icon='\uf11a' data-av_iconfont='flaticon' aria-hidden=\"true\"><\/span><\/div><article class=\"article-icon-entry \"  itemscope=\"itemscope\" itemtype=\"https:\/\/schema.org\/CreativeWork\" ><div class=\"iconlist_content_wrap\"><header class=\"entry-content-header\" aria-label=\"Icon: Wir sind auf Deiner Seite\"><h4 class='av_iconlist_title iconlist_title  '  itemprop=\"headline\" >Wir sind auf Deiner Seite<\/h4><\/header><div class='iconlist_content '  itemprop=\"text\" ><p>Wenn es darum geht, Anspr\u00fcche gegen\u00fcber Versicherungsgesellschaften geltend zu machen, fungieren wir als Dein Sachwalter wie ein Anwalt und sorgen daf\u00fcr, dass Du das besten Ergebnis erh\u00e4ltst.<\/p>\n<\/div><\/div><footer class=\"entry-footer\"><\/footer><\/article><div class=\"iconlist-timeline\"><\/div><\/li>\n<li><div class='iconlist_icon av-2u2tx-493c563475ccae2f2821c0ce5d5dd09d avia-font-flaticon avia-iconfont avia-font-flaticon'><span class='av-icon-char' data-av_icon='\uf13b' data-av_iconfont='flaticon' aria-hidden=\"true\"><\/span><\/div><article class=\"article-icon-entry \"  itemscope=\"itemscope\" itemtype=\"https:\/\/schema.org\/CreativeWork\" ><div class=\"iconlist_content_wrap\"><header class=\"entry-content-header\" aria-label=\"Icon: Wir verstehen das Leben der digitalen Nomaden \"><h4 class='av_iconlist_title iconlist_title  '  itemprop=\"headline\" >Wir verstehen das Leben der digitalen Nomaden <\/h4><\/header><div class='iconlist_content '  itemprop=\"text\" ><p>Wir pflegen nicht nur selbst einen nomadischen Lebensstil, sondern bringen auch 40 Jahre geballte Erfahrung in der Versicherungsbranche mit. So k\u00f6nnen wir Deinen Bedarf genau einsch\u00e4tzen, Deine Ziele und Pl\u00e4ne verstehen und die besten Versicherungsoptionen empfehlen.<\/p>\n<\/div><\/div><footer class=\"entry-footer\"><\/footer><\/article><div class=\"iconlist-timeline\"><\/div><\/li>\n<li><div class='iconlist_icon av-m289p-05a5352d2b42c9c3fb0292deabe820c4 avia-font-flaticon avia-iconfont avia-font-flaticon'><span class='av-icon-char' data-av_icon='\uf12a' data-av_iconfont='flaticon' aria-hidden=\"true\"><\/span><\/div><article class=\"article-icon-entry \"  itemscope=\"itemscope\" itemtype=\"https:\/\/schema.org\/CreativeWork\" ><div class=\"iconlist_content_wrap\"><header class=\"entry-content-header\" aria-label=\"Icon: Wir sorgen daf\u00fcr, dass Du nichts verpasst \"><h4 class='av_iconlist_title iconlist_title  '  itemprop=\"headline\" >Wir sorgen daf\u00fcr, dass Du nichts verpasst <\/h4><\/header><div class='iconlist_content '  itemprop=\"text\" ><p>Dank unseres Fachwissens k\u00f6nnen wir Dir bei der Auswahl der am besten passenden L\u00f6sung helfen. Wir helfen Dir nicht nur bei der Formulierung Deiner Anspr\u00fcche, sondern beraten Dich auch in Bezug auf Vorerkrankungen. Mit unserer Erfahrung in medizinischer Risikopr\u00fcfung verringern wir das Risiko erheblich, dass Dein Schutz von den Versicherungsgesellschaften abgelehnt wird.<\/p>\n<\/div><\/div><footer class=\"entry-footer\"><\/footer><\/article><div class=\"iconlist-timeline\"><\/div><\/li>\n<li><div class='iconlist_icon av-cuaf9-ee90ed7788da529dc9f11f7e494c8aa9 avia-font-flaticon avia-iconfont avia-font-flaticon'><span class='av-icon-char' data-av_icon='\uf144' data-av_iconfont='flaticon' aria-hidden=\"true\"><\/span><\/div><article class=\"article-icon-entry \"  itemscope=\"itemscope\" itemtype=\"https:\/\/schema.org\/CreativeWork\" ><div class=\"iconlist_content_wrap\"><header class=\"entry-content-header\" aria-label=\"Icon: Wir bieten zus\u00e4tzliche Vorteile zum Nulltarif\"><h4 class='av_iconlist_title iconlist_title  '  itemprop=\"headline\" >Wir bieten zus\u00e4tzliche Vorteile zum Nulltarif<\/h4><\/header><div class='iconlist_content '  itemprop=\"text\" ><p>Unsere umfangreiche Maklerbetreuung kostet Dich keinen Cent extra. Wir werden durch Provisionen von den Versicherungsgesellschaften verg\u00fctet. So kommst Du in den Genuss unseres Fachwissens und unserer Erfahrung, und bezahlst trotzdem die g\u00fcnstigste Pr\u00e4mie am Markt.<\/p>\n<\/div><\/div><footer class=\"entry-footer\"><\/footer><\/article><div class=\"iconlist-timeline\"><\/div><\/li>\n<li><div class='iconlist_icon av-6t7lx-83fbe2b42b45c3375a15772cf6dd82f5 avia-font-flaticon avia-iconfont avia-font-flaticon'><span class='av-icon-char' data-av_icon='\uf142' data-av_iconfont='flaticon' aria-hidden=\"true\"><\/span><\/div><article class=\"article-icon-entry \"  itemscope=\"itemscope\" itemtype=\"https:\/\/schema.org\/CreativeWork\" ><div class=\"iconlist_content_wrap\"><header class=\"entry-content-header\" aria-label=\"Icon: Wir liefern die besten Angebote\"><h4 class='av_iconlist_title iconlist_title  '  itemprop=\"headline\" >Wir liefern die besten Angebote<\/h4><\/header><div class='iconlist_content '  itemprop=\"text\" ><p>Genauso wie wir die Beziehungen zu unseren Kunden sch\u00e4tzen, pflegen wir auch eine ausgezeichnete Zusammenarbeit mit einigen der besten Versicherungsgesellschaften der Welt. Auf diese Weise k\u00f6nnen wir Dir spezielle Policen zu besseren Preisen und Rabatten anbieten. Damit sparst Du bares Geld! Au\u00dferdem ersparen wir Dir \u00c4rger, indem wir Fristen, F\u00e4lligkeitstermine und neue M\u00f6glichkeiten im Auge behalten.<\/p>\n<\/div><\/div><footer class=\"entry-footer\"><\/footer><\/article><div class=\"iconlist-timeline\"><\/div><\/li>\n<\/ul><\/div><\/div><\/p>\n","protected":false},"excerpt":{"rendered":"","protected":false},"author":1,"featured_media":0,"parent":10562,"menu_order":10,"comment_status":"closed","ping_status":"closed","template":"","meta":{"inline_featured_image":false,"footnotes":""},"class_list":["post-11027","page","type-page","status-publish","hentry"],"aioseo_notices":[],"_links":{"self":[{"href":"https:\/\/nomads.insure\/de\/wp-json\/wp\/v2\/pages\/11027","targetHints":{"allow":["GET"]}}],"collection":[{"href":"https:\/\/nomads.insure\/de\/wp-json\/wp\/v2\/pages"}],"about":[{"href":"https:\/\/nomads.insure\/de\/wp-json\/wp\/v2\/types\/page"}],"author":[{"embeddable":true,"href":"https:\/\/nomads.insure\/de\/wp-json\/wp\/v2\/users\/1"}],"replies":[{"embeddable":true,"href":"https:\/\/nomads.insure\/de\/wp-json\/wp\/v2\/comments?post=11027"}],"version-history":[{"count":0,"href":"https:\/\/nomads.insure\/de\/wp-json\/wp\/v2\/pages\/11027\/revisions"}],"up":[{"embeddable":true,"href":"https:\/\/nomads.insure\/de\/wp-json\/wp\/v2\/pages\/10562"}],"wp:attachment":[{"href":"https:\/\/nomads.insure\/de\/wp-json\/wp\/v2\/media?parent=11027"}],"curies":[{"name":"wp","href":"https:\/\/api.w.org\/{rel}","templated":true}]}}